{"id":1598,"date":"2021-03-05T00:50:32","date_gmt":"2021-03-05T05:50:32","guid":{"rendered":"https:\/\/ashevilletoollibrary.org\/?page_id=1598"},"modified":"2025-10-28T13:13:05","modified_gmt":"2025-10-28T18:13:05","slug":"tool-inventory","status":"publish","type":"page","link":"https:\/\/ashevilletoollibrary.org\/es\/tool-inventory\/","title":{"rendered":"Inventario de herramientas"},"content":{"rendered":"<div data-elementor-type=\"wp-page\" data-elementor-id=\"1598\" class=\"elementor elementor-1598\" data-elementor-post-type=\"page\">\n\t\t\t\t\t\t<section class=\"elementor-section elementor-top-section elementor-element elementor-element-5a142abe elementor-section-content-middle elementor-section-boxed elementor-section-height-default elementor-section-height-default\" data-id=\"5a142abe\" data-element_type=\"section\" data-e-type=\"section\">\n\t\t\t\t\t\t<div class=\"elementor-container elementor-column-gap-no\">\n\t\t\t\t\t<div class=\"elementor-column elementor-col-100 elementor-top-column elementor-element elementor-element-6128064e\" data-id=\"6128064e\" data-element_type=\"column\" data-e-type=\"column\">\n\t\t\t<div class=\"elementor-widget-wrap elementor-element-populated\">\n\t\t\t\t\t\t<div class=\"elementor-element elementor-element-65007400 elementor-widget elementor-widget-heading\" data-id=\"65007400\" data-element_type=\"widget\" data-e-type=\"widget\" data-widget_type=\"heading.default\">\n\t\t\t\t<div class=\"elementor-widget-container\">\n\t\t\t\t\t<h4 class=\"elementor-heading-title elementor-size-default\">Inventario y Reservas<\/h4>\t\t\t\t<\/div>\n\t\t\t\t<\/div>\n\t\t\t\t<section class=\"elementor-section elementor-inner-section elementor-element elementor-element-7f4896e1 elementor-section-content-middle elementor-section-boxed elementor-section-height-default elementor-section-height-default\" data-id=\"7f4896e1\" data-element_type=\"section\" data-e-type=\"section\">\n\t\t\t\t\t\t<div class=\"elementor-container elementor-column-gap-no\">\n\t\t\t\t\t<div class=\"elementor-column elementor-col-50 elementor-inner-column elementor-element elementor-element-12288e5b\" data-id=\"12288e5b\" data-element_type=\"column\" data-e-type=\"column\">\n\t\t\t<div class=\"elementor-widget-wrap elementor-element-populated\">\n\t\t\t\t\t\t<div class=\"elementor-element elementor-element-7ce4d655 elementor-position-top elementor-widget elementor-widget-image-box\" data-id=\"7ce4d655\" data-element_type=\"widget\" data-e-type=\"widget\" data-widget_type=\"image-box.default\">\n\t\t\t\t<div class=\"elementor-widget-container\">\n\t\t\t\t\t<div class=\"elementor-image-box-wrapper\"><figure class=\"elementor-image-box-img\"><img fetchpriority=\"high\" decoding=\"async\" width=\"768\" height=\"514\" src=\"https:\/\/ashevilletoollibrary.org\/wp-content\/uploads\/2021\/02\/LIbraryLongshot-768x514.jpg\" class=\"attachment-medium_large size-medium_large wp-image-1785\" alt=\"\" srcset=\"https:\/\/ashevilletoollibrary.org\/wp-content\/uploads\/2021\/02\/LIbraryLongshot-768x514.jpg 768w, https:\/\/ashevilletoollibrary.org\/wp-content\/uploads\/2021\/02\/LIbraryLongshot-300x201.jpg 300w, https:\/\/ashevilletoollibrary.org\/wp-content\/uploads\/2021\/02\/LIbraryLongshot.jpg 960w\" sizes=\"(max-width: 768px) 100vw, 768px\" \/><\/figure><div class=\"elementor-image-box-content\"><h3 class=\"elementor-image-box-title\">Inventario<\/h3><p class=\"elementor-image-box-description\">Cualquiera puede navegar por nuestro inventario antes de unirse.<\/p><\/div><\/div>\t\t\t\t<\/div>\n\t\t\t\t<\/div>\n\t\t\t\t<div class=\"elementor-element elementor-element-5db9fb0b elementor-align-center elementor-widget elementor-widget-button\" data-id=\"5db9fb0b\" data-element_type=\"widget\" data-e-type=\"widget\" data-widget_type=\"button.default\">\n\t\t\t\t<div class=\"elementor-widget-container\">\n\t\t\t\t\t\t\t\t\t<div class=\"elementor-button-wrapper\">\n\t\t\t\t\t<a class=\"elementor-button elementor-button-link elementor-size-sm elementor-animation-grow\" href=\"https:\/\/ashevilletoollibrary.myturn.com\/library\/inventory\/browse\" target=\"_blank\">\n\t\t\t\t\t\t<span class=\"elementor-button-content-wrapper\">\n\t\t\t\t\t\t\t\t\t<span class=\"elementor-button-text\">Navegue por nuestro Inventario<\/span>\n\t\t\t\t\t<\/span>\n\t\t\t\t\t<\/a>\n\t\t\t\t<\/div>\n\t\t\t\t\t\t\t\t<\/div>\n\t\t\t\t<\/div>\n\t\t\t\t\t<\/div>\n\t\t<\/div>\n\t\t\t\t<div class=\"elementor-column elementor-col-50 elementor-inner-column elementor-element elementor-element-51c8c4cd\" data-id=\"51c8c4cd\" data-element_type=\"column\" data-e-type=\"column\">\n\t\t\t<div class=\"elementor-widget-wrap elementor-element-populated\">\n\t\t\t\t\t\t<div class=\"elementor-element elementor-element-6f3ffd52 elementor-position-top elementor-widget elementor-widget-image-box\" data-id=\"6f3ffd52\" data-element_type=\"widget\" data-e-type=\"widget\" data-widget_type=\"image-box.default\">\n\t\t\t\t<div class=\"elementor-widget-container\">\n\t\t\t\t\t<div class=\"elementor-image-box-wrapper\"><figure class=\"elementor-image-box-img\"><img decoding=\"async\" width=\"2560\" height=\"1438\" src=\"https:\/\/ashevilletoollibrary.org\/wp-content\/uploads\/2021\/02\/P1253763-scaled.jpg\" class=\"attachment-full size-full wp-image-1788\" alt=\"\" srcset=\"https:\/\/ashevilletoollibrary.org\/wp-content\/uploads\/2021\/02\/P1253763-scaled.jpg 2560w, https:\/\/ashevilletoollibrary.org\/wp-content\/uploads\/2021\/02\/P1253763-300x169.jpg 300w, https:\/\/ashevilletoollibrary.org\/wp-content\/uploads\/2021\/02\/P1253763-1024x575.jpg 1024w, https:\/\/ashevilletoollibrary.org\/wp-content\/uploads\/2021\/02\/P1253763-768x431.jpg 768w, https:\/\/ashevilletoollibrary.org\/wp-content\/uploads\/2021\/02\/P1253763-1536x863.jpg 1536w, https:\/\/ashevilletoollibrary.org\/wp-content\/uploads\/2021\/02\/P1253763-2048x1150.jpg 2048w\" sizes=\"(max-width: 2560px) 100vw, 2560px\" \/><\/figure><div class=\"elementor-image-box-content\"><h3 class=\"elementor-image-box-title\">Pr\u00e9stamos de herramientas<\/h3><p class=\"elementor-image-box-description\">Todas las herramientas deben devolverse en una semana.<br>\n Despu\u00e9s de 7 d\u00edas, se aplicar\u00e1 un cargo por demora de $1 \/ d\u00eda a cada herramienta que haya pedido prestada, por todos los d\u00edas de atraso, incluidos los d\u00edas en que no estamos abiertos. <br> \nComo cortes\u00eda a otros miembros, no ofrecemos renovaciones. <\/p><\/div><\/div>\t\t\t\t<\/div>\n\t\t\t\t<\/div>\n\t\t\t\t<div class=\"elementor-element elementor-element-342740dc elementor-align-center elementor-widget elementor-widget-button\" data-id=\"342740dc\" data-element_type=\"widget\" data-e-type=\"widget\" data-widget_type=\"button.default\">\n\t\t\t\t<div class=\"elementor-widget-container\">\n\t\t\t\t\t\t\t\t\t<div class=\"elementor-button-wrapper\">\n\t\t\t\t\t<a class=\"elementor-button elementor-button-link elementor-size-sm elementor-animation-grow\" href=\"https:\/\/ashevilletoollibrary.myturn.com\/library\/myTurnLogin\/auth?requestedFormat=\" target=\"_blank\">\n\t\t\t\t\t\t<span class=\"elementor-button-content-wrapper\">\n\t\t\t\t\t\t\t\t\t<span class=\"elementor-button-text\">Ingrese a su cuenta<\/span>\n\t\t\t\t\t<\/span>\n\t\t\t\t\t<\/a>\n\t\t\t\t<\/div>\n\t\t\t\t\t\t\t\t<\/div>\n\t\t\t\t<\/div>\n\t\t\t\t\t<\/div>\n\t\t<\/div>\n\t\t\t\t\t<\/div>\n\t\t<\/section>\n\t\t\t\t\t<\/div>\n\t\t<\/div>\n\t\t\t\t\t<\/div>\n\t\t<\/section>\n\t\t\t\t<section class=\"elementor-section elementor-top-section elementor-element elementor-element-6882313b elementor-section-content-middle elementor-section-boxed elementor-section-height-default elementor-section-height-default\" data-id=\"6882313b\" data-element_type=\"section\" data-e-type=\"section\">\n\t\t\t\t\t\t<div class=\"elementor-container elementor-column-gap-no\">\n\t\t\t\t\t<div class=\"elementor-column elementor-col-50 elementor-top-column elementor-element elementor-element-77e0f3eb\" data-id=\"77e0f3eb\" data-element_type=\"column\" data-e-type=\"column\">\n\t\t\t<div class=\"elementor-widget-wrap elementor-element-populated\">\n\t\t\t\t\t\t<div class=\"elementor-element elementor-element-3a3b6c3 elementor-widget elementor-widget-heading\" data-id=\"3a3b6c3\" data-element_type=\"widget\" data-e-type=\"widget\" data-widget_type=\"heading.default\">\n\t\t\t\t<div class=\"elementor-widget-container\">\n\t\t\t\t\t<h2 class=\"elementor-heading-title elementor-size-default\">\u00bfNunca antes reserv\u00f3 herramientas? <br><br>\u00a1Mire el breve video a continuaci\u00f3n para aprender c\u00f3mo!<\/h2>\t\t\t\t<\/div>\n\t\t\t\t<\/div>\n\t\t\t\t<div class=\"elementor-element elementor-element-e545172 elementor-widget elementor-widget-video\" data-id=\"e545172\" data-element_type=\"widget\" data-e-type=\"widget\" data-settings=\"{&quot;youtube_url&quot;:&quot;https:\\\/\\\/www.youtube.com\\\/watch?v=1XVJrDeIkFs&amp;feature=emb_logo&quot;,&quot;video_type&quot;:&quot;youtube&quot;,&quot;controls&quot;:&quot;yes&quot;}\" data-widget_type=\"video.default\">\n\t\t\t\t<div class=\"elementor-widget-container\">\n\t\t\t\t\t\t\t<div class=\"elementor-wrapper elementor-open-inline\">\n\t\t\t<div class=\"elementor-video\"><\/div>\t\t<\/div>\n\t\t\t\t\t\t<\/div>\n\t\t\t\t<\/div>\n\t\t\t\t\t<\/div>\n\t\t<\/div>\n\t\t\t\t<div class=\"elementor-column elementor-col-50 elementor-top-column elementor-element elementor-element-62ade11d\" data-id=\"62ade11d\" data-element_type=\"column\" data-e-type=\"column\">\n\t\t\t<div class=\"elementor-widget-wrap elementor-element-populated\">\n\t\t\t\t\t\t<div class=\"elementor-element elementor-element-5846c59 elementor-widget elementor-widget-menu-anchor\" data-id=\"5846c59\" data-element_type=\"widget\" data-e-type=\"widget\" data-widget_type=\"menu-anchor.default\">\n\t\t\t\t<div class=\"elementor-widget-container\">\n\t\t\t\t\t\t\t<div class=\"elementor-menu-anchor\" id=\"Making-Reservations\"><\/div>\n\t\t\t\t\t\t<\/div>\n\t\t\t\t<\/div>\n\t\t\t\t<div class=\"elementor-element elementor-element-4b27173b elementor-widget elementor-widget-heading\" data-id=\"4b27173b\" data-element_type=\"widget\" data-e-type=\"widget\" data-widget_type=\"heading.default\">\n\t\t\t\t<div class=\"elementor-widget-container\">\n\t\t\t\t\t<h4 class=\"elementor-heading-title elementor-size-default\">Making Reservations<\/h4>\t\t\t\t<\/div>\n\t\t\t\t<\/div>\n\t\t\t\t<div class=\"elementor-element elementor-element-20a396c0 elementor-widget elementor-widget-text-editor\" data-id=\"20a396c0\" data-element_type=\"widget\" data-e-type=\"widget\" data-widget_type=\"text-editor.default\">\n\t\t\t\t<div class=\"elementor-widget-container\">\n\t\t\t\t\t\t\t\t\t<ul><li>Nuestro per\u00edodo de pr\u00e9stamo de una semana a\u00fan se aplica. Reservar una herramienta por varias semanas, o reservar una herramienta para la semana despu\u00e9s de haber tomado prestada una herramienta, no proporciona un per\u00edodo de pr\u00e9stamo m\u00e1s largo. Si no devuelve una herramienta despu\u00e9s del per\u00edodo de pr\u00e9stamo de una semana, es posible que se apliquen cargos por pago atrasado.<br \/><br \/><\/li><li>No podemos garantizar a la persona que pidi\u00f3 prestada la herramienta antes de que la devuelva a tiempo.<br \/><br \/><\/li><li>Debe activar su cuenta antes de reservar herramientas firmando el formulario de membres\u00eda y responsabilidad y pagando la tarifa de membres\u00eda.<br \/><br \/><\/li><li>Si no elige la herramienta reservada en la fecha de inicio que seleccion\u00f3, la pondremos a disposici\u00f3n de otros miembros.<\/li><\/ul>\t\t\t\t\t\t\t\t<\/div>\n\t\t\t\t<\/div>\n\t\t\t\t\t<\/div>\n\t\t<\/div>\n\t\t\t\t\t<\/div>\n\t\t<\/section>\n\t\t\t\t<section class=\"elementor-section elementor-top-section elementor-element elementor-element-511aee76 elementor-section-content-middle elementor-section-boxed elementor-section-height-default elementor-section-height-default\" data-id=\"511aee76\" data-element_type=\"section\" data-e-type=\"section\">\n\t\t\t\t\t\t<div class=\"elementor-container elementor-column-gap-no\">\n\t\t\t\t\t<div class=\"elementor-column elementor-col-100 elementor-top-column elementor-element elementor-element-13bccc60\" data-id=\"13bccc60\" data-element_type=\"column\" data-e-type=\"column\">\n\t\t\t<div class=\"elementor-widget-wrap elementor-element-populated\">\n\t\t\t\t\t\t<div class=\"elementor-element elementor-element-66b4480 elementor-widget elementor-widget-menu-anchor\" data-id=\"66b4480\" data-element_type=\"widget\" data-e-type=\"widget\" data-widget_type=\"menu-anchor.default\">\n\t\t\t\t<div class=\"elementor-widget-container\">\n\t\t\t\t\t\t\t<div class=\"elementor-menu-anchor\" id=\"Tool-Wish-List\"><\/div>\n\t\t\t\t\t\t<\/div>\n\t\t\t\t<\/div>\n\t\t\t\t<div class=\"elementor-element elementor-element-171b2cf9 elementor-widget elementor-widget-heading\" data-id=\"171b2cf9\" data-element_type=\"widget\" data-e-type=\"widget\" data-widget_type=\"heading.default\">\n\t\t\t\t<div class=\"elementor-widget-container\">\n\t\t\t\t\t<h4 class=\"elementor-heading-title elementor-size-default\">Lista de deseos de inventario de herramientas<\/h4>\t\t\t\t<\/div>\n\t\t\t\t<\/div>\n\t\t\t\t<div class=\"elementor-element elementor-element-1a277c7f elementor-widget elementor-widget-text-editor\" data-id=\"1a277c7f\" data-element_type=\"widget\" data-e-type=\"widget\" data-widget_type=\"text-editor.default\">\n\t\t\t\t<div class=\"elementor-widget-container\">\n\t\t\t\t\t\t\t\t\t<p>\u00bfQuiere ver una herramienta en el inventario? \u00a1Cu\u00e9ntanoslo!<\/p><p>\u00a1Incluir enlaces a opciones para la herramienta que est\u00e1 sugiriendo es muy \u00fatil!<\/p>\t\t\t\t\t\t\t\t<\/div>\n\t\t\t\t<\/div>\n\t\t\t\t<div class=\"elementor-element elementor-element-5e9da655 elementor-align-center elementor-widget elementor-widget-button\" data-id=\"5e9da655\" data-element_type=\"widget\" data-e-type=\"widget\" data-widget_type=\"button.default\">\n\t\t\t\t<div class=\"elementor-widget-container\">\n\t\t\t\t\t\t\t\t\t<div class=\"elementor-button-wrapper\">\n\t\t\t\t\t<a class=\"elementor-button elementor-button-link elementor-size-sm elementor-animation-grow\" href=\"https:\/\/forms.gle\/M9fsGTtzfteLquhw9\" target=\"_blank\">\n\t\t\t\t\t\t<span class=\"elementor-button-content-wrapper\">\n\t\t\t\t\t\t\t\t\t<span class=\"elementor-button-text\">Sugerir HERRAMIENTAS para el inventario<\/span>\n\t\t\t\t\t<\/span>\n\t\t\t\t\t<\/a>\n\t\t\t\t<\/div>\n\t\t\t\t\t\t\t\t<\/div>\n\t\t\t\t<\/div>\n\t\t\t\t\t<\/div>\n\t\t<\/div>\n\t\t\t\t\t<\/div>\n\t\t<\/section>\n\t\t\t\t<\/div>","protected":false},"excerpt":{"rendered":"<p>Inventory and Reservations Inventory Anyone can browse our inventory prior to joining. Browse our Inventory Tool Loans All tools are due back in one week. After 7 days, a $1\/day late fee applies to each tool you borrowed, for every day it is late, including days we are not open. As a courtesy to other [&hellip;]<\/p>\n","protected":false},"author":45,"featured_media":0,"parent":0,"menu_order":0,"comment_status":"closed","ping_status":"closed","template":"","meta":{"_themeisle_gutenberg_block_has_review":false,"footnotes":""},"class_list":["post-1598","page","type-page","status-publish","hentry"],"yoast_head":"<!-- This site is optimized with the Yoast SEO plugin v27.6 - https:\/\/yoast.com\/product\/yoast-seo-wordpress\/ -->\n<title>Tool Inventory - Asheville Tool Library<\/title>\n<meta name=\"robots\" content=\"index, follow, max-snippet:-1, max-image-preview:large, max-video-preview:-1\" \/>\n<link rel=\"canonical\" href=\"https:\/\/ashevilletoollibrary.org\/es\/tool-inventory\/\" \/>\n<meta property=\"og:locale\" content=\"es_ES\" \/>\n<meta property=\"og:type\" content=\"article\" \/>\n<meta property=\"og:title\" content=\"Tool Inventory - Asheville Tool Library\" \/>\n<meta property=\"og:description\" content=\"Inventory and Reservations Inventory Anyone can browse our inventory prior to joining. Browse our Inventory Tool Loans All tools are due back in one week. After 7 days, a $1\/day late fee applies to each tool you borrowed, for every day it is late, including days we are not open. As a courtesy to other [&hellip;]\" \/>\n<meta property=\"og:url\" content=\"https:\/\/ashevilletoollibrary.org\/es\/tool-inventory\/\" \/>\n<meta property=\"og:site_name\" content=\"Asheville Tool Library\" \/>\n<meta property=\"article:publisher\" content=\"https:\/\/www.facebook.com\/ashevilletoollibrary\/\" \/>\n<meta property=\"article:modified_time\" content=\"2025-10-28T18:13:05+00:00\" \/>\n<meta property=\"og:image\" content=\"https:\/\/ashevilletoollibrary.org\/wp-content\/uploads\/2021\/02\/LIbraryLongshot.jpg\" \/>\n\t<meta property=\"og:image:width\" content=\"960\" \/>\n\t<meta property=\"og:image:height\" content=\"642\" \/>\n\t<meta property=\"og:image:type\" content=\"image\/jpeg\" \/>\n<meta name=\"twitter:card\" content=\"summary_large_image\" \/>\n<meta name=\"twitter:label1\" content=\"Tiempo de lectura\" \/>\n\t<meta name=\"twitter:data1\" content=\"2 minutos\" \/>\n<script type=\"application\/ld+json\" class=\"yoast-schema-graph\">{\"@context\":\"https:\\\/\\\/schema.org\",\"@graph\":[{\"@type\":\"WebPage\",\"@id\":\"https:\\\/\\\/ashevilletoollibrary.org\\\/tool-inventory\\\/\",\"url\":\"https:\\\/\\\/ashevilletoollibrary.org\\\/tool-inventory\\\/\",\"name\":\"Tool Inventory - Asheville Tool Library\",\"isPartOf\":{\"@id\":\"https:\\\/\\\/ashevilletoollibrary.org\\\/#website\"},\"primaryImageOfPage\":{\"@id\":\"https:\\\/\\\/ashevilletoollibrary.org\\\/tool-inventory\\\/#primaryimage\"},\"image\":{\"@id\":\"https:\\\/\\\/ashevilletoollibrary.org\\\/tool-inventory\\\/#primaryimage\"},\"thumbnailUrl\":\"https:\\\/\\\/ashevilletoollibrary.org\\\/wp-content\\\/uploads\\\/2021\\\/02\\\/LIbraryLongshot-768x514.jpg\",\"datePublished\":\"2021-03-05T05:50:32+00:00\",\"dateModified\":\"2025-10-28T18:13:05+00:00\",\"breadcrumb\":{\"@id\":\"https:\\\/\\\/ashevilletoollibrary.org\\\/tool-inventory\\\/#breadcrumb\"},\"inLanguage\":\"es\",\"potentialAction\":[{\"@type\":\"ReadAction\",\"target\":[\"https:\\\/\\\/ashevilletoollibrary.org\\\/tool-inventory\\\/\"]}]},{\"@type\":\"ImageObject\",\"inLanguage\":\"es\",\"@id\":\"https:\\\/\\\/ashevilletoollibrary.org\\\/tool-inventory\\\/#primaryimage\",\"url\":\"https:\\\/\\\/ashevilletoollibrary.org\\\/wp-content\\\/uploads\\\/2021\\\/02\\\/LIbraryLongshot-768x514.jpg\",\"contentUrl\":\"https:\\\/\\\/ashevilletoollibrary.org\\\/wp-content\\\/uploads\\\/2021\\\/02\\\/LIbraryLongshot-768x514.jpg\"},{\"@type\":\"BreadcrumbList\",\"@id\":\"https:\\\/\\\/ashevilletoollibrary.org\\\/tool-inventory\\\/#breadcrumb\",\"itemListElement\":[{\"@type\":\"ListItem\",\"position\":1,\"name\":\"Home\",\"item\":\"https:\\\/\\\/ashevilletoollibrary.org\\\/\"},{\"@type\":\"ListItem\",\"position\":2,\"name\":\"Tool Inventory\"}]},{\"@type\":\"WebSite\",\"@id\":\"https:\\\/\\\/ashevilletoollibrary.org\\\/#website\",\"url\":\"https:\\\/\\\/ashevilletoollibrary.org\\\/\",\"name\":\"Asheville Tool Library\",\"description\":\"Why Rent Tools When You Can Borrow Them?\",\"potentialAction\":[{\"@type\":\"SearchAction\",\"target\":{\"@type\":\"EntryPoint\",\"urlTemplate\":\"https:\\\/\\\/ashevilletoollibrary.org\\\/?s={search_term_string}\"},\"query-input\":{\"@type\":\"PropertyValueSpecification\",\"valueRequired\":true,\"valueName\":\"search_term_string\"}}],\"inLanguage\":\"es\"}]}<\/script>\n<!-- \/ Yoast SEO plugin. -->","yoast_head_json":{"title":"Tool Inventory - Asheville Tool Library","robots":{"index":"index","follow":"follow","max-snippet":"max-snippet:-1","max-image-preview":"max-image-preview:large","max-video-preview":"max-video-preview:-1"},"canonical":"https:\/\/ashevilletoollibrary.org\/es\/tool-inventory\/","og_locale":"es_ES","og_type":"article","og_title":"Tool Inventory - Asheville Tool Library","og_description":"Inventory and Reservations Inventory Anyone can browse our inventory prior to joining. Browse our Inventory Tool Loans All tools are due back in one week. After 7 days, a $1\/day late fee applies to each tool you borrowed, for every day it is late, including days we are not open. As a courtesy to other [&hellip;]","og_url":"https:\/\/ashevilletoollibrary.org\/es\/tool-inventory\/","og_site_name":"Asheville Tool Library","article_publisher":"https:\/\/www.facebook.com\/ashevilletoollibrary\/","article_modified_time":"2025-10-28T18:13:05+00:00","og_image":[{"width":960,"height":642,"url":"https:\/\/ashevilletoollibrary.org\/wp-content\/uploads\/2021\/02\/LIbraryLongshot.jpg","type":"image\/jpeg"}],"twitter_card":"summary_large_image","twitter_misc":{"Tiempo de lectura":"2 minutos"},"schema":{"@context":"https:\/\/schema.org","@graph":[{"@type":"WebPage","@id":"https:\/\/ashevilletoollibrary.org\/tool-inventory\/","url":"https:\/\/ashevilletoollibrary.org\/tool-inventory\/","name":"Tool Inventory - Asheville Tool Library","isPartOf":{"@id":"https:\/\/ashevilletoollibrary.org\/#website"},"primaryImageOfPage":{"@id":"https:\/\/ashevilletoollibrary.org\/tool-inventory\/#primaryimage"},"image":{"@id":"https:\/\/ashevilletoollibrary.org\/tool-inventory\/#primaryimage"},"thumbnailUrl":"https:\/\/ashevilletoollibrary.org\/wp-content\/uploads\/2021\/02\/LIbraryLongshot-768x514.jpg","datePublished":"2021-03-05T05:50:32+00:00","dateModified":"2025-10-28T18:13:05+00:00","breadcrumb":{"@id":"https:\/\/ashevilletoollibrary.org\/tool-inventory\/#breadcrumb"},"inLanguage":"es","potentialAction":[{"@type":"ReadAction","target":["https:\/\/ashevilletoollibrary.org\/tool-inventory\/"]}]},{"@type":"ImageObject","inLanguage":"es","@id":"https:\/\/ashevilletoollibrary.org\/tool-inventory\/#primaryimage","url":"https:\/\/ashevilletoollibrary.org\/wp-content\/uploads\/2021\/02\/LIbraryLongshot-768x514.jpg","contentUrl":"https:\/\/ashevilletoollibrary.org\/wp-content\/uploads\/2021\/02\/LIbraryLongshot-768x514.jpg"},{"@type":"BreadcrumbList","@id":"https:\/\/ashevilletoollibrary.org\/tool-inventory\/#breadcrumb","itemListElement":[{"@type":"ListItem","position":1,"name":"Home","item":"https:\/\/ashevilletoollibrary.org\/"},{"@type":"ListItem","position":2,"name":"Tool Inventory"}]},{"@type":"WebSite","@id":"https:\/\/ashevilletoollibrary.org\/#website","url":"https:\/\/ashevilletoollibrary.org\/","name":"Biblioteca de herramientas de Asheville","description":"Why Rent Tools When You Can Borrow Them?","potentialAction":[{"@type":"SearchAction","target":{"@type":"EntryPoint","urlTemplate":"https:\/\/ashevilletoollibrary.org\/?s={search_term_string}"},"query-input":{"@type":"PropertyValueSpecification","valueRequired":true,"valueName":"search_term_string"}}],"inLanguage":"es"}]}},"_links":{"self":[{"href":"https:\/\/ashevilletoollibrary.org\/es\/wp-json\/wp\/v2\/pages\/1598","targetHints":{"allow":["GET"]}}],"collection":[{"href":"https:\/\/ashevilletoollibrary.org\/es\/wp-json\/wp\/v2\/pages"}],"about":[{"href":"https:\/\/ashevilletoollibrary.org\/es\/wp-json\/wp\/v2\/types\/page"}],"author":[{"embeddable":true,"href":"https:\/\/ashevilletoollibrary.org\/es\/wp-json\/wp\/v2\/users\/45"}],"replies":[{"embeddable":true,"href":"https:\/\/ashevilletoollibrary.org\/es\/wp-json\/wp\/v2\/comments?post=1598"}],"version-history":[{"count":89,"href":"https:\/\/ashevilletoollibrary.org\/es\/wp-json\/wp\/v2\/pages\/1598\/revisions"}],"predecessor-version":[{"id":3185,"href":"https:\/\/ashevilletoollibrary.org\/es\/wp-json\/wp\/v2\/pages\/1598\/revisions\/3185"}],"wp:attachment":[{"href":"https:\/\/ashevilletoollibrary.org\/es\/wp-json\/wp\/v2\/media?parent=1598"}],"curies":[{"name":"wp","href":"https:\/\/api.w.org\/{rel}","templated":true}]}}