{"id":2416,"date":"2022-06-07T21:12:21","date_gmt":"2022-06-08T02:12:21","guid":{"rendered":"https:\/\/ashevilletoollibrary.org\/?page_id=2416"},"modified":"2025-12-31T11:25:47","modified_gmt":"2025-12-31T16:25:47","slug":"faq","status":"publish","type":"page","link":"https:\/\/ashevilletoollibrary.org\/es\/faq\/","title":{"rendered":"Preguntas m\u00e1s frecuentes"},"content":{"rendered":"<div data-elementor-type=\"wp-page\" data-elementor-id=\"2416\" class=\"elementor elementor-2416\" data-elementor-post-type=\"page\">\n\t\t\t\t\t\t<section class=\"elementor-section elementor-top-section elementor-element elementor-element-9c9cdee elementor-section-content-middle elementor-section-full_width elementor-section-height-default elementor-section-height-default\" data-id=\"9c9cdee\" data-element_type=\"section\" data-e-type=\"section\">\n\t\t\t\t\t\t<div class=\"elementor-container elementor-column-gap-no\">\n\t\t\t\t\t<div class=\"elementor-column elementor-col-100 elementor-top-column elementor-element elementor-element-4d14dca\" data-id=\"4d14dca\" data-element_type=\"column\" data-e-type=\"column\">\n\t\t\t<div class=\"elementor-widget-wrap elementor-element-populated\">\n\t\t\t\t\t\t<div class=\"elementor-element elementor-element-57df1b0 elementor-widget elementor-widget-heading\" data-id=\"57df1b0\" data-element_type=\"widget\" data-e-type=\"widget\" data-widget_type=\"heading.default\">\n\t\t\t\t<div class=\"elementor-widget-container\">\n\t\t\t\t\t<h4 class=\"elementor-heading-title elementor-size-default\">Preguntas m\u00e1s frecuentes<\/h4>\t\t\t\t<\/div>\n\t\t\t\t<\/div>\n\t\t\t\t<div class=\"elementor-element elementor-element-4e7190a elementor-widget elementor-widget-heading\" data-id=\"4e7190a\" data-element_type=\"widget\" data-e-type=\"widget\" data-widget_type=\"heading.default\">\n\t\t\t\t<div class=\"elementor-widget-container\">\n\t\t\t\t\t<h5 class=\"elementor-heading-title elementor-size-default\">\u00bfC\u00d3MO FUNCIONA UNA MEMBRES\u00cdA DE LA BIBLIOTECA DE HERRAMIENTAS?<\/h5>\t\t\t\t<\/div>\n\t\t\t\t<\/div>\n\t\t\t\t<div class=\"elementor-element elementor-element-7527c6d elementor-widget elementor-widget-toggle\" data-id=\"7527c6d\" data-element_type=\"widget\" data-e-type=\"widget\" data-widget_type=\"toggle.default\">\n\t\t\t\t<div class=\"elementor-widget-container\">\n\t\t\t\t\t\t\t<div class=\"elementor-toggle\">\n\t\t\t\t\t\t\t<div class=\"elementor-toggle-item\">\n\t\t\t\t\t<div id=\"elementor-tab-title-1221\" class=\"elementor-tab-title\" data-tab=\"1\" role=\"button\" aria-controls=\"elementor-tab-content-1221\" aria-expanded=\"false\">\n\t\t\t\t\t\t\t\t\t\t\t\t<span class=\"elementor-toggle-icon elementor-toggle-icon-right\" aria-hidden=\"true\">\n\t\t\t\t\t\t\t\t\t\t\t\t\t\t\t<span class=\"elementor-toggle-icon-closed\"><i class=\"fas fa-caret-right\"><\/i><\/span>\n\t\t\t\t\t\t\t\t<span class=\"elementor-toggle-icon-opened\"><i class=\"elementor-toggle-icon-opened fas fa-caret-up\"><\/i><\/span>\n\t\t\t\t\t\t\t\t\t\t\t\t\t<\/span>\n\t\t\t\t\t\t\t\t\t\t\t\t<a class=\"elementor-toggle-title\" tabindex=\"0\">What is the Asheville Tool Library?<\/a>\n\t\t\t\t\t<\/div>\n\n\t\t\t\t\t<div id=\"elementor-tab-content-1221\" class=\"elementor-tab-content elementor-clearfix\" data-tab=\"1\" role=\"region\" aria-labelledby=\"elementor-tab-title-1221\"><p>The Asheville Tool Library is a member-based 501c3 non-profit. We are made possible by a team of volunteers. Members have access to thousands of tools and can check tools out for a week at a time. Each membership is $50-$350 a year with discounted memberships available to anyone that needs one.<\/p><\/div>\n\t\t\t\t<\/div>\n\t\t\t\t\t\t\t<div class=\"elementor-toggle-item\">\n\t\t\t\t\t<div id=\"elementor-tab-title-1222\" class=\"elementor-tab-title\" data-tab=\"2\" role=\"button\" aria-controls=\"elementor-tab-content-1222\" aria-expanded=\"false\">\n\t\t\t\t\t\t\t\t\t\t\t\t<span class=\"elementor-toggle-icon elementor-toggle-icon-right\" aria-hidden=\"true\">\n\t\t\t\t\t\t\t\t\t\t\t\t\t\t\t<span class=\"elementor-toggle-icon-closed\"><i class=\"fas fa-caret-right\"><\/i><\/span>\n\t\t\t\t\t\t\t\t<span class=\"elementor-toggle-icon-opened\"><i class=\"elementor-toggle-icon-opened fas fa-caret-up\"><\/i><\/span>\n\t\t\t\t\t\t\t\t\t\t\t\t\t<\/span>\n\t\t\t\t\t\t\t\t\t\t\t\t<a class=\"elementor-toggle-title\" tabindex=\"0\">conceptos b\u00e1sicos de membres\u00eda<\/a>\n\t\t\t\t\t<\/div>\n\n\t\t\t\t\t<div id=\"elementor-tab-content-1222\" class=\"elementor-tab-content elementor-clearfix\" data-tab=\"2\" role=\"region\" aria-labelledby=\"elementor-tab-title-1222\"><p>Starting in 2026, the tool library is expanding how members can contribute by replacing our scholarship account process with a discount account. We will continue to have our regular membership (sliding scale $50-$350+) that you can sign up for and renew online by making an account on our website.\u00a0 For our discount account, we ask that you come in while we\u2019re open and a lead librarian can sign you up\/renew your membership, this account is also sliding scale from ($0-$50).\u00a0 Our discount account is for members of our community for whom $50 is not affordable.<\/p><p>For all of our memberships, we require a valid phone number, email, and preferably a credit card (though a debit card is fine if you don\u2019t have a credit card).\u00a0 We do not require ID or proof of income for either account.<\/p><p>Las membres\u00edas duran un a\u00f1o desde el inicio de la misma.<\/p><p>Para mantenerse inscrito f\u00e1cilmente, su cuenta se puede configurar para la renovaci\u00f3n autom\u00e1tica.<\/p><p>Ofrecemos un usuario secundario en todas las cuentas. Tambi\u00e9n deben firmar la renuncia y archivar su identificaci\u00f3n.<\/p><p>Todos los miembros deben tener al menos 18 a\u00f1os de edad.<\/p><\/div>\n\t\t\t\t<\/div>\n\t\t\t\t\t\t\t<div class=\"elementor-toggle-item\">\n\t\t\t\t\t<div id=\"elementor-tab-title-1223\" class=\"elementor-tab-title\" data-tab=\"3\" role=\"button\" aria-controls=\"elementor-tab-content-1223\" aria-expanded=\"false\">\n\t\t\t\t\t\t\t\t\t\t\t\t<span class=\"elementor-toggle-icon elementor-toggle-icon-right\" aria-hidden=\"true\">\n\t\t\t\t\t\t\t\t\t\t\t\t\t\t\t<span class=\"elementor-toggle-icon-closed\"><i class=\"fas fa-caret-right\"><\/i><\/span>\n\t\t\t\t\t\t\t\t<span class=\"elementor-toggle-icon-opened\"><i class=\"elementor-toggle-icon-opened fas fa-caret-up\"><\/i><\/span>\n\t\t\t\t\t\t\t\t\t\t\t\t\t<\/span>\n\t\t\t\t\t\t\t\t\t\t\t\t<a class=\"elementor-toggle-title\" tabindex=\"0\">Discounted Accounts<\/a>\n\t\t\t\t\t<\/div>\n\n\t\t\t\t\t<div id=\"elementor-tab-content-1223\" class=\"elementor-tab-content elementor-clearfix\" data-tab=\"3\" role=\"region\" aria-labelledby=\"elementor-tab-title-1223\"><p>For a discounted account, we ask that you come in while we\u2019re open and a lead librarian can sign you up\/renew your membership. \u00a0Discounted accounts are also on a sliding scale from ($0-$50).\u00a0<\/p><p>Our discount account is for members of our community for whom $50 is not affordable.<\/p><p>The support of our community makes these discounted accounts possible.<\/p><p>You can also learn more by visiting our Membership Page<\/p><\/div>\n\t\t\t\t<\/div>\n\t\t\t\t\t\t\t<div class=\"elementor-toggle-item\">\n\t\t\t\t\t<div id=\"elementor-tab-title-1224\" class=\"elementor-tab-title\" data-tab=\"4\" role=\"button\" aria-controls=\"elementor-tab-content-1224\" aria-expanded=\"false\">\n\t\t\t\t\t\t\t\t\t\t\t\t<span class=\"elementor-toggle-icon elementor-toggle-icon-right\" aria-hidden=\"true\">\n\t\t\t\t\t\t\t\t\t\t\t\t\t\t\t<span class=\"elementor-toggle-icon-closed\"><i class=\"fas fa-caret-right\"><\/i><\/span>\n\t\t\t\t\t\t\t\t<span class=\"elementor-toggle-icon-opened\"><i class=\"elementor-toggle-icon-opened fas fa-caret-up\"><\/i><\/span>\n\t\t\t\t\t\t\t\t\t\t\t\t\t<\/span>\n\t\t\t\t\t\t\t\t\t\t\t\t<a class=\"elementor-toggle-title\" tabindex=\"0\">Pr\u00e9stamos y comisiones<\/a>\n\t\t\t\t\t<\/div>\n\n\t\t\t\t\t<div id=\"elementor-tab-content-1224\" class=\"elementor-tab-content elementor-clearfix\" data-tab=\"4\" role=\"region\" aria-labelledby=\"elementor-tab-title-1224\"><p><b>Tarifas de pr\u00e9stamo de herramientas:<\/b> Por lo general, no hay tarifas asociadas con los pr\u00e9stamos de herramientas, aunque ocasionalmente requerimos una peque\u00f1a tarifa para las herramientas que tienen altos costos de mantenimiento. Esta tarifa se indicar\u00e1 claramente en el Inventario de herramientas y se pagar\u00e1 al finalizar la compra.<\/p><p><b>Cargos por pagos atrasados:<\/b> Todos los pr\u00e9stamos son por una semana. Despu\u00e9s de 7 d\u00edas, incurrir\u00e1 en un cargo por demora de $1 d\u00f3lar, por herramienta, por d\u00eda, incluidos los d\u00edas que no estemos abiertos.<\/p><p><b>Renovaciones:<\/b>\u00a0Our priority is to keep tools available for our other members. If there is not another reservation and the tool is not in high demand, we may allow a renewal. For instance in mid-summer, if all the weed eaters are checked out, we will not allow a renewal, but if you have a drill and we have 10 more in inventory, we will likely make an exception! You must call to speak with someone to approve the renewal.<\/p><\/div>\n\t\t\t\t<\/div>\n\t\t\t\t\t\t\t<div class=\"elementor-toggle-item\">\n\t\t\t\t\t<div id=\"elementor-tab-title-1225\" class=\"elementor-tab-title\" data-tab=\"5\" role=\"button\" aria-controls=\"elementor-tab-content-1225\" aria-expanded=\"false\">\n\t\t\t\t\t\t\t\t\t\t\t\t<span class=\"elementor-toggle-icon elementor-toggle-icon-right\" aria-hidden=\"true\">\n\t\t\t\t\t\t\t\t\t\t\t\t\t\t\t<span class=\"elementor-toggle-icon-closed\"><i class=\"fas fa-caret-right\"><\/i><\/span>\n\t\t\t\t\t\t\t\t<span class=\"elementor-toggle-icon-opened\"><i class=\"elementor-toggle-icon-opened fas fa-caret-up\"><\/i><\/span>\n\t\t\t\t\t\t\t\t\t\t\t\t\t<\/span>\n\t\t\t\t\t\t\t\t\t\t\t\t<a class=\"elementor-toggle-title\" tabindex=\"0\">Reservaciones<\/a>\n\t\t\t\t\t<\/div>\n\n\t\t\t\t\t<div id=\"elementor-tab-content-1225\" class=\"elementor-tab-content elementor-clearfix\" data-tab=\"5\" role=\"region\" aria-labelledby=\"elementor-tab-title-1225\"><p>Check out our <a href=\"https:\/\/ashevilletoollibrary.org\/tool-inventory\/\" target=\"_blank\" rel=\"noopener\">P\u00e1gina de reserva<\/a> to learn how to reserve tools. We do not require reservations, but they are a great way to make sure the tools you want are waiting for you!<\/p><p>Nuestro per\u00edodo de pr\u00e9stamo de una semana a\u00fan se aplica. Reservar una herramienta por varias semanas, o reservar una herramienta para la semana despu\u00e9s de haber tomado prestada una herramienta, no proporciona un per\u00edodo de pr\u00e9stamo m\u00e1s largo. Si no devuelve una herramienta despu\u00e9s del per\u00edodo de pr\u00e9stamo de una semana, es posible que se apliquen cargos por pago atrasado.<\/p><\/div>\n\t\t\t\t<\/div>\n\t\t\t\t\t\t\t<div class=\"elementor-toggle-item\">\n\t\t\t\t\t<div id=\"elementor-tab-title-1226\" class=\"elementor-tab-title\" data-tab=\"6\" role=\"button\" aria-controls=\"elementor-tab-content-1226\" aria-expanded=\"false\">\n\t\t\t\t\t\t\t\t\t\t\t\t<span class=\"elementor-toggle-icon elementor-toggle-icon-right\" aria-hidden=\"true\">\n\t\t\t\t\t\t\t\t\t\t\t\t\t\t\t<span class=\"elementor-toggle-icon-closed\"><i class=\"fas fa-caret-right\"><\/i><\/span>\n\t\t\t\t\t\t\t\t<span class=\"elementor-toggle-icon-opened\"><i class=\"elementor-toggle-icon-opened fas fa-caret-up\"><\/i><\/span>\n\t\t\t\t\t\t\t\t\t\t\t\t\t<\/span>\n\t\t\t\t\t\t\t\t\t\t\t\t<a class=\"elementor-toggle-title\" tabindex=\"0\">Consumibles<\/a>\n\t\t\t\t\t<\/div>\n\n\t\t\t\t\t<div id=\"elementor-tab-content-1226\" class=\"elementor-tab-content elementor-clearfix\" data-tab=\"6\" role=\"region\" aria-labelledby=\"elementor-tab-title-1226\"><p>Incluimos la herramienta b\u00e1sica, pero los &quot;consumibles&quot; no est\u00e1n garantizados. Tratamos de mantener las hojas de sierra afiladas, pero tenemos voluntarios limitados y no siempre podemos mantenernos encima de todas las hojas. Adem\u00e1s, nuestros miembros a menudo devuelven papel de lija, clavos, tornillos y grapas que quedaron de sus proyectos. Los guardamos, as\u00ed que no dude en preguntarle al voluntario cuando recoja sus herramientas si puede ver lo que tenemos.<\/p><p>However, We do provide the gas needed for tools. We use non-ethanol gas, so we prefer to supply it ourselves. We accept donations to compensate for the gas provided.<\/p><\/div>\n\t\t\t\t<\/div>\n\t\t\t\t\t\t\t<div class=\"elementor-toggle-item\">\n\t\t\t\t\t<div id=\"elementor-tab-title-1227\" class=\"elementor-tab-title\" data-tab=\"7\" role=\"button\" aria-controls=\"elementor-tab-content-1227\" aria-expanded=\"false\">\n\t\t\t\t\t\t\t\t\t\t\t\t<span class=\"elementor-toggle-icon elementor-toggle-icon-right\" aria-hidden=\"true\">\n\t\t\t\t\t\t\t\t\t\t\t\t\t\t\t<span class=\"elementor-toggle-icon-closed\"><i class=\"fas fa-caret-right\"><\/i><\/span>\n\t\t\t\t\t\t\t\t<span class=\"elementor-toggle-icon-opened\"><i class=\"elementor-toggle-icon-opened fas fa-caret-up\"><\/i><\/span>\n\t\t\t\t\t\t\t\t\t\t\t\t\t<\/span>\n\t\t\t\t\t\t\t\t\t\t\t\t<a class=\"elementor-toggle-title\" tabindex=\"0\">Da\u00f1os y perjuicios<\/a>\n\t\t\t\t\t<\/div>\n\n\t\t\t\t\t<div id=\"elementor-tab-content-1227\" class=\"elementor-tab-content elementor-clearfix\" data-tab=\"7\" role=\"region\" aria-labelledby=\"elementor-tab-title-1227\"><p>If something happens while you are using the tool, contact us as soon as possible! If it is something simple from general use, like a dull blade, just let the volunteer on staff know, and we will put the tool into maintenance. If the issue with the tool was through misuse of the tool, a Board Member will get in touch and discuss the options. If it was truly complete misuse by the member, we may ask you to replace the tool. As stated in the Membership Agreement, we reserve the right to take appropriate action, including charging the card on file, if we feel necessary.<\/p><\/div>\n\t\t\t\t<\/div>\n\t\t\t\t\t\t\t<div class=\"elementor-toggle-item\">\n\t\t\t\t\t<div id=\"elementor-tab-title-1228\" class=\"elementor-tab-title\" data-tab=\"8\" role=\"button\" aria-controls=\"elementor-tab-content-1228\" aria-expanded=\"false\">\n\t\t\t\t\t\t\t\t\t\t\t\t<span class=\"elementor-toggle-icon elementor-toggle-icon-right\" aria-hidden=\"true\">\n\t\t\t\t\t\t\t\t\t\t\t\t\t\t\t<span class=\"elementor-toggle-icon-closed\"><i class=\"fas fa-caret-right\"><\/i><\/span>\n\t\t\t\t\t\t\t\t<span class=\"elementor-toggle-icon-opened\"><i class=\"elementor-toggle-icon-opened fas fa-caret-up\"><\/i><\/span>\n\t\t\t\t\t\t\t\t\t\t\t\t\t<\/span>\n\t\t\t\t\t\t\t\t\t\t\t\t<a class=\"elementor-toggle-title\" tabindex=\"0\">Overdue Tools<\/a>\n\t\t\t\t\t<\/div>\n\n\t\t\t\t\t<div id=\"elementor-tab-content-1228\" class=\"elementor-tab-content elementor-clearfix\" data-tab=\"8\" role=\"region\" aria-labelledby=\"elementor-tab-title-1228\"><p>The goal of the Tool Library is to make tools available to our members. The myTurn system will send you reminders before your tools are due, and then again every week while they are checked out.\u00a0<\/p><p>After one month of being overdue without contacting us, the tool library will notify you of the value of the tools in your possession and your late fees, and will charge the card on file for whichever number is less.<\/p><p>Charging members is a last resort and if we do not hear from you, we can only only determine that the tools have been stolen. Ultimately, we seek to meet\u00a0 our original goal, so, if you are struggling to return your tools due to childcare, transportation, or other circumstances, please, reach out! We will help you get your tools back.<\/p><\/div>\n\t\t\t\t<\/div>\n\t\t\t\t\t\t\t\t<\/div>\n\t\t\t\t\t\t<\/div>\n\t\t\t\t<\/div>\n\t\t\t\t\t<\/div>\n\t\t<\/div>\n\t\t\t\t\t<\/div>\n\t\t<\/section>\n\t\t\t\t<\/div>","protected":false},"excerpt":{"rendered":"<p>FAQ HOW DOES A TOOL LIBRARY MEMBERSHIP WORK? What is the Asheville Tool Library? The Asheville Tool Library is a member-based 501c3 non-profit. We are made possible by a team [&hellip;]<\/p>\n","protected":false},"author":45,"featured_media":0,"parent":0,"menu_order":0,"comment_status":"closed","ping_status":"closed","template":"","meta":{"_themeisle_gutenberg_block_has_review":false,"footnotes":""},"class_list":["post-2416","page","type-page","status-publish","hentry"],"yoast_head":"<!-- This site is optimized with the Yoast SEO plugin v27.4 - https:\/\/yoast.com\/product\/yoast-seo-wordpress\/ -->\n<title>FAQ - Asheville Tool Library<\/title>\n<meta name=\"robots\" content=\"index, follow, max-snippet:-1, max-image-preview:large, max-video-preview:-1\" \/>\n<link rel=\"canonical\" href=\"https:\/\/ashevilletoollibrary.org\/es\/faq\/\" \/>\n<meta property=\"og:locale\" content=\"es_ES\" \/>\n<meta property=\"og:type\" content=\"article\" \/>\n<meta property=\"og:title\" content=\"FAQ - Asheville Tool Library\" \/>\n<meta property=\"og:description\" content=\"FAQ HOW DOES A TOOL LIBRARY MEMBERSHIP WORK? What is the Asheville Tool Library? The Asheville Tool Library is a member-based 501c3 non-profit. We are made possible by a team [&hellip;]\" \/>\n<meta property=\"og:url\" content=\"https:\/\/ashevilletoollibrary.org\/es\/faq\/\" \/>\n<meta property=\"og:site_name\" content=\"Asheville Tool Library\" \/>\n<meta property=\"article:publisher\" content=\"https:\/\/www.facebook.com\/ashevilletoollibrary\/\" \/>\n<meta property=\"article:modified_time\" content=\"2025-12-31T16:25:47+00:00\" \/>\n<meta name=\"twitter:card\" content=\"summary_large_image\" \/>\n<meta name=\"twitter:label1\" content=\"Tiempo de lectura\" \/>\n\t<meta name=\"twitter:data1\" content=\"4 minutos\" \/>\n<script type=\"application\/ld+json\" class=\"yoast-schema-graph\">{\"@context\":\"https:\\\/\\\/schema.org\",\"@graph\":[{\"@type\":\"WebPage\",\"@id\":\"https:\\\/\\\/ashevilletoollibrary.org\\\/faq\\\/\",\"url\":\"https:\\\/\\\/ashevilletoollibrary.org\\\/faq\\\/\",\"name\":\"FAQ - Asheville Tool Library\",\"isPartOf\":{\"@id\":\"https:\\\/\\\/ashevilletoollibrary.org\\\/#website\"},\"datePublished\":\"2022-06-08T02:12:21+00:00\",\"dateModified\":\"2025-12-31T16:25:47+00:00\",\"breadcrumb\":{\"@id\":\"https:\\\/\\\/ashevilletoollibrary.org\\\/faq\\\/#breadcrumb\"},\"inLanguage\":\"es\",\"potentialAction\":[{\"@type\":\"ReadAction\",\"target\":[\"https:\\\/\\\/ashevilletoollibrary.org\\\/faq\\\/\"]}]},{\"@type\":\"BreadcrumbList\",\"@id\":\"https:\\\/\\\/ashevilletoollibrary.org\\\/faq\\\/#breadcrumb\",\"itemListElement\":[{\"@type\":\"ListItem\",\"position\":1,\"name\":\"Home\",\"item\":\"https:\\\/\\\/ashevilletoollibrary.org\\\/\"},{\"@type\":\"ListItem\",\"position\":2,\"name\":\"FAQ\"}]},{\"@type\":\"WebSite\",\"@id\":\"https:\\\/\\\/ashevilletoollibrary.org\\\/#website\",\"url\":\"https:\\\/\\\/ashevilletoollibrary.org\\\/\",\"name\":\"Asheville Tool Library\",\"description\":\"Why Rent Tools When You Can Borrow Them?\",\"potentialAction\":[{\"@type\":\"SearchAction\",\"target\":{\"@type\":\"EntryPoint\",\"urlTemplate\":\"https:\\\/\\\/ashevilletoollibrary.org\\\/?s={search_term_string}\"},\"query-input\":{\"@type\":\"PropertyValueSpecification\",\"valueRequired\":true,\"valueName\":\"search_term_string\"}}],\"inLanguage\":\"es\"}]}<\/script>\n<!-- \/ Yoast SEO plugin. -->","yoast_head_json":{"title":"FAQ - Asheville Tool Library","robots":{"index":"index","follow":"follow","max-snippet":"max-snippet:-1","max-image-preview":"max-image-preview:large","max-video-preview":"max-video-preview:-1"},"canonical":"https:\/\/ashevilletoollibrary.org\/es\/faq\/","og_locale":"es_ES","og_type":"article","og_title":"FAQ - Asheville Tool Library","og_description":"FAQ HOW DOES A TOOL LIBRARY MEMBERSHIP WORK? What is the Asheville Tool Library? The Asheville Tool Library is a member-based 501c3 non-profit. We are made possible by a team [&hellip;]","og_url":"https:\/\/ashevilletoollibrary.org\/es\/faq\/","og_site_name":"Asheville Tool Library","article_publisher":"https:\/\/www.facebook.com\/ashevilletoollibrary\/","article_modified_time":"2025-12-31T16:25:47+00:00","twitter_card":"summary_large_image","twitter_misc":{"Tiempo de lectura":"4 minutos"},"schema":{"@context":"https:\/\/schema.org","@graph":[{"@type":"WebPage","@id":"https:\/\/ashevilletoollibrary.org\/faq\/","url":"https:\/\/ashevilletoollibrary.org\/faq\/","name":"FAQ - Asheville Tool Library","isPartOf":{"@id":"https:\/\/ashevilletoollibrary.org\/#website"},"datePublished":"2022-06-08T02:12:21+00:00","dateModified":"2025-12-31T16:25:47+00:00","breadcrumb":{"@id":"https:\/\/ashevilletoollibrary.org\/faq\/#breadcrumb"},"inLanguage":"es","potentialAction":[{"@type":"ReadAction","target":["https:\/\/ashevilletoollibrary.org\/faq\/"]}]},{"@type":"BreadcrumbList","@id":"https:\/\/ashevilletoollibrary.org\/faq\/#breadcrumb","itemListElement":[{"@type":"ListItem","position":1,"name":"Home","item":"https:\/\/ashevilletoollibrary.org\/"},{"@type":"ListItem","position":2,"name":"FAQ"}]},{"@type":"WebSite","@id":"https:\/\/ashevilletoollibrary.org\/#website","url":"https:\/\/ashevilletoollibrary.org\/","name":"Biblioteca de herramientas de Asheville","description":"Why Rent Tools When You Can Borrow Them?","potentialAction":[{"@type":"SearchAction","target":{"@type":"EntryPoint","urlTemplate":"https:\/\/ashevilletoollibrary.org\/?s={search_term_string}"},"query-input":{"@type":"PropertyValueSpecification","valueRequired":true,"valueName":"search_term_string"}}],"inLanguage":"es"}]}},"_links":{"self":[{"href":"https:\/\/ashevilletoollibrary.org\/es\/wp-json\/wp\/v2\/pages\/2416","targetHints":{"allow":["GET"]}}],"collection":[{"href":"https:\/\/ashevilletoollibrary.org\/es\/wp-json\/wp\/v2\/pages"}],"about":[{"href":"https:\/\/ashevilletoollibrary.org\/es\/wp-json\/wp\/v2\/types\/page"}],"author":[{"embeddable":true,"href":"https:\/\/ashevilletoollibrary.org\/es\/wp-json\/wp\/v2\/users\/45"}],"replies":[{"embeddable":true,"href":"https:\/\/ashevilletoollibrary.org\/es\/wp-json\/wp\/v2\/comments?post=2416"}],"version-history":[{"count":41,"href":"https:\/\/ashevilletoollibrary.org\/es\/wp-json\/wp\/v2\/pages\/2416\/revisions"}],"predecessor-version":[{"id":3245,"href":"https:\/\/ashevilletoollibrary.org\/es\/wp-json\/wp\/v2\/pages\/2416\/revisions\/3245"}],"wp:attachment":[{"href":"https:\/\/ashevilletoollibrary.org\/es\/wp-json\/wp\/v2\/media?parent=2416"}],"curies":[{"name":"wp","href":"https:\/\/api.w.org\/{rel}","templated":true}]}}